{"id":1153,"date":"2024-09-17T16:38:56","date_gmt":"2024-09-17T22:38:56","guid":{"rendered":"https:\/\/pranamealprep.com\/?post_type=product&#038;p=1153"},"modified":"2024-09-17T16:38:56","modified_gmt":"2024-09-17T22:38:56","slug":"yogur-griego-natural-con-kiwi-platano-y-chia","status":"publish","type":"product","link":"https:\/\/pranamealprep.com\/index.php\/producto\/yogur-griego-natural-con-kiwi-platano-y-chia\/","title":{"rendered":"Yogur griego natural con kiwi, pl\u00e1tano y ch\u00eda"},"content":{"rendered":"<p>Yogur griego natural, sin az\u00facar, con kiwi picado, pl\u00e1tano y ch\u00eda<\/p>\n<p>&nbsp;<\/p>\n","protected":false},"excerpt":{"rendered":"<p>Yogur griego natural, sin az\u00facar, con kiwi picado, pl\u00e1tano y ch\u00eda &nbsp;<\/p>\n","protected":false},"featured_media":1202,"comment_status":"open","ping_status":"closed","template":"","meta":[],"product_brand":[],"product_cat":[24,25],"product_tag":[41,43,34,40,36],"class_list":{"0":"post-1153","1":"product","2":"type-product","3":"status-publish","4":"has-post-thumbnail","6":"product_cat-desayunos","7":"product_cat-desayunos-con-fruta","8":"product_tag-alto-en-proteinas","9":"product_tag-bajo-en-grasas","10":"product_tag-sin-gluten","11":"product_tag-sin-sodio","12":"product_tag-vegatariana","14":"first","15":"instock","16":"shipping-taxable","17":"purchasable","18":"product-type-variable","19":"has-default-attributes"},"jetpack_sharing_enabled":true,"_links":{"self":[{"href":"https:\/\/pranamealprep.com\/index.php\/wp-json\/wp\/v2\/product\/1153","targetHints":{"allow":["GET"]}}],"collection":[{"href":"https:\/\/pranamealprep.com\/index.php\/wp-json\/wp\/v2\/product"}],"about":[{"href":"https:\/\/pranamealprep.com\/index.php\/wp-json\/wp\/v2\/types\/product"}],"replies":[{"embeddable":true,"href":"https:\/\/pranamealprep.com\/index.php\/wp-json\/wp\/v2\/comments?post=1153"}],"wp:featuredmedia":[{"embeddable":true,"href":"https:\/\/pranamealprep.com\/index.php\/wp-json\/wp\/v2\/media\/1202"}],"wp:attachment":[{"href":"https:\/\/pranamealprep.com\/index.php\/wp-json\/wp\/v2\/media?parent=1153"}],"wp:term":[{"taxonomy":"product_brand","embeddable":true,"href":"https:\/\/pranamealprep.com\/index.php\/wp-json\/wp\/v2\/product_brand?post=1153"},{"taxonomy":"product_cat","embeddable":true,"href":"https:\/\/pranamealprep.com\/index.php\/wp-json\/wp\/v2\/product_cat?post=1153"},{"taxonomy":"product_tag","embeddable":true,"href":"https:\/\/pranamealprep.com\/index.php\/wp-json\/wp\/v2\/product_tag?post=1153"}],"curies":[{"name":"wp","href":"https:\/\/api.w.org\/{rel}","templated":true}]}}